{"id":125,"date":"2024-03-14T13:02:14","date_gmt":"2024-03-14T13:02:14","guid":{"rendered":"http:\/\/hqc-law.test\/?page_id=125"},"modified":"2024-03-16T04:26:38","modified_gmt":"2024-03-16T04:26:38","slug":"khach-hang-tieu-bieu","status":"publish","type":"page","link":"https:\/\/www.hqclaw.com\/en\/khach-hang-tieu-bieu\/","title":{"rendered":"ESTEEMED CUSTOMERS"},"content":{"rendered":"<p><strong>HQC Law Firm has been providing legal services for some customers of Vietnam and\nFDI enterprises in Vietnam as:<\/strong><\/p>\n\n\n\n<hr class=\"wp-block-separator has-text-color has-white-color has-alpha-channel-opacity has-white-background-color has-background\"\/>\n\n\n\n<div class=\"wp-block-media-text is-stacked-on-mobile\" style=\"grid-template-columns:23% auto\"><figure class=\"wp-block-media-text__media\"><img loading=\"lazy\" decoding=\"async\" width=\"1024\" height=\"1024\" src=\"http:\/\/hqc-law.test\/wp-content\/uploads\/2024\/03\/1-1-2.jpg\" alt=\"\" class=\"wp-image-235 size-full\" srcset=\"https:\/\/www.hqclaw.com\/wp-content\/uploads\/2024\/03\/1-1-2.jpg 1024w, https:\/\/www.hqclaw.com\/wp-content\/uploads\/2024\/03\/1-1-2-300x300.jpg 300w, https:\/\/www.hqclaw.com\/wp-content\/uploads\/2024\/03\/1-1-2-150x150.jpg 150w, https:\/\/www.hqclaw.com\/wp-content\/uploads\/2024\/03\/1-1-2-768x768.jpg 768w\" sizes=\"auto, (max-width: 1024px) 100vw, 1024px\" \/><\/figure><div class=\"wp-block-media-text__content\">\n<h4 class=\"wp-block-heading\">SK ECOPLANT CO., LTD<\/h4>\n\n\n\n<p>HQC was chosen to be a legal service\nprovider for SKEC \u2013 The member of SK Group (The third largest corporation of\nKorea). HQC is in charge of legal\nconsultancy on foreign investment in Viet\nNam, enterprise mergers and acquisitions\n(M&amp;A), and project investment activities in\nVietnam.<\/p>\n<\/div><\/div>\n\n\n\n<hr class=\"wp-block-separator has-text-color has-white-color has-alpha-channel-opacity has-white-background-color has-background\"\/>\n\n\n\n<div class=\"wp-block-media-text is-stacked-on-mobile\" style=\"grid-template-columns:23% auto\"><figure class=\"wp-block-media-text__media\"><img loading=\"lazy\" decoding=\"async\" width=\"1024\" height=\"1024\" src=\"http:\/\/hqc-law.test\/wp-content\/uploads\/2024\/03\/2-2.jpg\" alt=\"\" class=\"wp-image-239 size-full\" srcset=\"https:\/\/www.hqclaw.com\/wp-content\/uploads\/2024\/03\/2-2.jpg 1024w, https:\/\/www.hqclaw.com\/wp-content\/uploads\/2024\/03\/2-2-300x300.jpg 300w, https:\/\/www.hqclaw.com\/wp-content\/uploads\/2024\/03\/2-2-150x150.jpg 150w, https:\/\/www.hqclaw.com\/wp-content\/uploads\/2024\/03\/2-2-768x768.jpg 768w\" sizes=\"auto, (max-width: 1024px) 100vw, 1024px\" \/><\/figure><div class=\"wp-block-media-text__content\">\n<h4 class=\"wp-block-heading\">KOREA ENVIRONMENT CORPORATION<\/h4>\n\n\n\n<p>HQC was chosen as a legal servoce\nprovider to advise on investment procedures\nfor project in Vietnam that reduce CO2\nemissions, such: the project represented by\nCheil Engineering Company at Khanh Son\nLandifill- Da nang city\u2026<\/p>\n<\/div><\/div>\n\n\n\n<hr class=\"wp-block-separator has-text-color has-white-color has-alpha-channel-opacity has-white-background-color has-background\"\/>\n\n\n\n<div class=\"wp-block-media-text is-stacked-on-mobile\" style=\"grid-template-columns:23% auto\"><figure class=\"wp-block-media-text__media\"><img loading=\"lazy\" decoding=\"async\" width=\"1024\" height=\"1024\" src=\"http:\/\/hqc-law.test\/wp-content\/uploads\/2024\/03\/3-2.jpg\" alt=\"\" class=\"wp-image-242 size-full\" srcset=\"https:\/\/www.hqclaw.com\/wp-content\/uploads\/2024\/03\/3-2.jpg 1024w, https:\/\/www.hqclaw.com\/wp-content\/uploads\/2024\/03\/3-2-300x300.jpg 300w, https:\/\/www.hqclaw.com\/wp-content\/uploads\/2024\/03\/3-2-150x150.jpg 150w, https:\/\/www.hqclaw.com\/wp-content\/uploads\/2024\/03\/3-2-768x768.jpg 768w\" sizes=\"auto, (max-width: 1024px) 100vw, 1024px\" \/><\/figure><div class=\"wp-block-media-text__content\">\n<h4 class=\"wp-block-heading\">YOOSUNG JSC<\/h4>\n\n\n\n<p>HQC provides legal guidance and\ninvestment procedures for Yoosung group\non waste treatment (burying) project and\nthe construction of a sea sand processing plant intobuilding materials in Vietnam, as\nwell as regular legal services for KBEC Vina Company, the investor in the waste treatment complexproject in Ba Ria- Vung\nTau province\u2026<\/p>\n<\/div><\/div>\n\n\n\n<hr class=\"wp-block-separator has-text-color has-white-color has-alpha-channel-opacity has-white-background-color has-background\"\/>\n\n\n\n<div class=\"wp-block-media-text is-stacked-on-mobile\" style=\"grid-template-columns:23% auto\"><figure class=\"wp-block-media-text__media\"><img loading=\"lazy\" decoding=\"async\" width=\"1024\" height=\"1024\" src=\"http:\/\/hqc-law.test\/wp-content\/uploads\/2024\/03\/4-2.jpg\" alt=\"\" class=\"wp-image-243 size-full\" srcset=\"https:\/\/www.hqclaw.com\/wp-content\/uploads\/2024\/03\/4-2.jpg 1024w, https:\/\/www.hqclaw.com\/wp-content\/uploads\/2024\/03\/4-2-300x300.jpg 300w, https:\/\/www.hqclaw.com\/wp-content\/uploads\/2024\/03\/4-2-150x150.jpg 150w, https:\/\/www.hqclaw.com\/wp-content\/uploads\/2024\/03\/4-2-768x768.jpg 768w\" sizes=\"auto, (max-width: 1024px) 100vw, 1024px\" \/><\/figure><div class=\"wp-block-media-text__content\">\n<h4 class=\"wp-block-heading\">HONDA TRADING VIET NAM CO.,LTD<\/h4>\n\n\n\n<p>HQC provide legal services for investment\nactivities in Vietnam, verification to adjust\nthe Investment Certificate, provide regular\nlegal advisory services\u2026<\/p>\n<\/div><\/div>\n\n\n\n<hr class=\"wp-block-separator has-text-color has-white-color has-alpha-channel-opacity has-white-background-color has-background\"\/>\n\n\n\n<div class=\"wp-block-media-text is-stacked-on-mobile\" style=\"grid-template-columns:23% auto\"><figure class=\"wp-block-media-text__media\"><img loading=\"lazy\" decoding=\"async\" width=\"1024\" height=\"1024\" src=\"http:\/\/hqc-law.test\/wp-content\/uploads\/2024\/03\/5-1.jpg\" alt=\"\" class=\"wp-image-244 size-full\" srcset=\"https:\/\/www.hqclaw.com\/wp-content\/uploads\/2024\/03\/5-1.jpg 1024w, https:\/\/www.hqclaw.com\/wp-content\/uploads\/2024\/03\/5-1-300x300.jpg 300w, https:\/\/www.hqclaw.com\/wp-content\/uploads\/2024\/03\/5-1-150x150.jpg 150w, https:\/\/www.hqclaw.com\/wp-content\/uploads\/2024\/03\/5-1-768x768.jpg 768w\" sizes=\"auto, (max-width: 1024px) 100vw, 1024px\" \/><\/figure><div class=\"wp-block-media-text__content\">\n<h4 class=\"wp-block-heading\">NISSAN VIETNAM CO., LTD<\/h4>\n\n\n\n<p>HQC provides legal services on investment\nconsultancy and verification of the need to\nestablish a second retail establishment in addition to the first retail establishment of\nforeign invested enterprises in Vietnam for luxury car brands Infiniti\u2026<\/p>\n<\/div><\/div>\n\n\n\n<hr class=\"wp-block-separator has-text-color has-white-color has-alpha-channel-opacity has-white-background-color has-background\"\/>\n\n\n\n<div class=\"wp-block-media-text is-stacked-on-mobile\" style=\"grid-template-columns:23% auto\"><figure class=\"wp-block-media-text__media\"><img loading=\"lazy\" decoding=\"async\" width=\"1024\" height=\"1024\" src=\"http:\/\/hqc-law.test\/wp-content\/uploads\/2024\/03\/6.jpg\" alt=\"\" class=\"wp-image-245 size-full\" srcset=\"https:\/\/www.hqclaw.com\/wp-content\/uploads\/2024\/03\/6.jpg 1024w, https:\/\/www.hqclaw.com\/wp-content\/uploads\/2024\/03\/6-300x300.jpg 300w, https:\/\/www.hqclaw.com\/wp-content\/uploads\/2024\/03\/6-150x150.jpg 150w, https:\/\/www.hqclaw.com\/wp-content\/uploads\/2024\/03\/6-768x768.jpg 768w\" sizes=\"auto, (max-width: 1024px) 100vw, 1024px\" \/><\/figure><div class=\"wp-block-media-text__content\">\n<h4 class=\"wp-block-heading\">SOFTBANK TELECOM VIETNAM CO., LTD<\/h4>\n\n\n\n<p>HQC provides legal services consulting on\ninvestment activities in Vietnam, examination and adjustment of investment registration certificate...<\/p>\n<\/div><\/div>\n\n\n\n<hr class=\"wp-block-separator has-text-color has-white-color has-alpha-channel-opacity has-white-background-color has-background\"\/>\n\n\n\n<div class=\"wp-block-media-text is-stacked-on-mobile\" style=\"grid-template-columns:23% auto\"><figure class=\"wp-block-media-text__media\"><img loading=\"lazy\" decoding=\"async\" width=\"1024\" height=\"1024\" src=\"http:\/\/hqc-law.test\/wp-content\/uploads\/2024\/03\/7.jpg\" alt=\"\" class=\"wp-image-246 size-full\" srcset=\"https:\/\/www.hqclaw.com\/wp-content\/uploads\/2024\/03\/7.jpg 1024w, https:\/\/www.hqclaw.com\/wp-content\/uploads\/2024\/03\/7-300x300.jpg 300w, https:\/\/www.hqclaw.com\/wp-content\/uploads\/2024\/03\/7-150x150.jpg 150w, https:\/\/www.hqclaw.com\/wp-content\/uploads\/2024\/03\/7-768x768.jpg 768w\" sizes=\"auto, (max-width: 1024px) 100vw, 1024px\" \/><\/figure><div class=\"wp-block-media-text__content\">\n<h4 class=\"wp-block-heading\">UNILEVER INTERNATIONAL VIETNAM COMPANY LIMITED<\/h4>\n\n\n\n<p>HQC provides legal services consulting on\ndebt collection of customers, appoints\nlawyers on behalf of Unilever Vietnam to sue partners who failed to pay debt as \ndefined in the Court\u2026<\/p>\n<\/div><\/div>\n\n\n\n<hr class=\"wp-block-separator has-text-color has-white-color has-alpha-channel-opacity has-white-background-color has-background\"\/>\n\n\n\n<div class=\"wp-block-media-text is-stacked-on-mobile\" style=\"grid-template-columns:23% auto\"><figure class=\"wp-block-media-text__media\"><img loading=\"lazy\" decoding=\"async\" width=\"1024\" height=\"1024\" src=\"http:\/\/hqc-law.test\/wp-content\/uploads\/2024\/03\/8.jpg\" alt=\"\" class=\"wp-image-247 size-full\" srcset=\"https:\/\/www.hqclaw.com\/wp-content\/uploads\/2024\/03\/8.jpg 1024w, https:\/\/www.hqclaw.com\/wp-content\/uploads\/2024\/03\/8-300x300.jpg 300w, https:\/\/www.hqclaw.com\/wp-content\/uploads\/2024\/03\/8-150x150.jpg 150w, https:\/\/www.hqclaw.com\/wp-content\/uploads\/2024\/03\/8-768x768.jpg 768w\" sizes=\"auto, (max-width: 1024px) 100vw, 1024px\" \/><\/figure><div class=\"wp-block-media-text__content\">\n<h4 class=\"wp-block-heading\">H.I.S SONG HAN VIET NAM TOURIST\nCOMPANY LIMITED<\/h4>\n\n\n\n<p>HQC provides legal services consulting on\ninvestment activities in Vietnam, verification\nto adjust the Investment Certificate, use foreign labor in Vietnam ...<\/p>\n<\/div><\/div>\n\n\n\n<hr class=\"wp-block-separator has-text-color has-white-color has-alpha-channel-opacity has-white-background-color has-background\"\/>\n\n\n\n<div class=\"wp-block-media-text is-stacked-on-mobile\" style=\"grid-template-columns:23% auto\"><figure class=\"wp-block-media-text__media\"><img loading=\"lazy\" decoding=\"async\" width=\"1024\" height=\"1024\" src=\"http:\/\/hqc-law.test\/wp-content\/uploads\/2024\/03\/9.jpg\" alt=\"\" class=\"wp-image-248 size-full\" srcset=\"https:\/\/www.hqclaw.com\/wp-content\/uploads\/2024\/03\/9.jpg 1024w, https:\/\/www.hqclaw.com\/wp-content\/uploads\/2024\/03\/9-300x300.jpg 300w, https:\/\/www.hqclaw.com\/wp-content\/uploads\/2024\/03\/9-150x150.jpg 150w, https:\/\/www.hqclaw.com\/wp-content\/uploads\/2024\/03\/9-768x768.jpg 768w\" sizes=\"auto, (max-width: 1024px) 100vw, 1024px\" \/><\/figure><div class=\"wp-block-media-text__content\">\n<h4 class=\"wp-block-heading\">ASIA NORTHERN JOINT STOCK\nCOMMERCIAL BANK<\/h4>\n\n\n\n<p>HQC provides legal services consulting on\nthe organization and operation of the bank's\nbranches and transaction offices at the branch in the system of BAC A BANK<\/p>\n<\/div><\/div>\n\n\n\n<hr class=\"wp-block-separator has-text-color has-white-color has-alpha-channel-opacity has-white-background-color has-background\"\/>\n\n\n\n<div class=\"wp-block-media-text is-stacked-on-mobile\" style=\"grid-template-columns:23% auto\"><figure class=\"wp-block-media-text__media\"><img loading=\"lazy\" decoding=\"async\" width=\"1024\" height=\"1024\" src=\"http:\/\/hqc-law.test\/wp-content\/uploads\/2024\/03\/10.jpg\" alt=\"\" class=\"wp-image-249 size-full\" srcset=\"https:\/\/www.hqclaw.com\/wp-content\/uploads\/2024\/03\/10.jpg 1024w, https:\/\/www.hqclaw.com\/wp-content\/uploads\/2024\/03\/10-300x300.jpg 300w, https:\/\/www.hqclaw.com\/wp-content\/uploads\/2024\/03\/10-150x150.jpg 150w, https:\/\/www.hqclaw.com\/wp-content\/uploads\/2024\/03\/10-768x768.jpg 768w\" sizes=\"auto, (max-width: 1024px) 100vw, 1024px\" \/><\/figure><div class=\"wp-block-media-text__content\">\n<h4 class=\"wp-block-heading\">KC GREEN HOLDINGS<\/h4>\n\n\n\n<p>HQC provide legal services consulting on\ninvestment activities in Vietnam for KC\nGREEN HOLDINGS related to receipt\ntransfer of an environment treatment project\nincluding hazardous waste treatment,\nindustrial waste in Thai Nguyen Province.\nConsulting on organizing community\nconsultation, working with leaders of Thai\nNguyen Province \nHQC provides legal services consulting\ninvestment activities in Vietnam for KC \nCottrell Viet Nam Co., Ltd related to \nevaluation for issuance of investment \ncertificate, the commercial operations, \nproceeding represent in Court to protect \nrights.<\/p>\n<\/div><\/div>\n\n\n\n<hr class=\"wp-block-separator has-text-color has-white-color has-alpha-channel-opacity has-white-background-color has-background\"\/>\n\n\n\n<div class=\"wp-block-media-text is-stacked-on-mobile\" style=\"grid-template-columns:23% auto\"><figure class=\"wp-block-media-text__media\"><img loading=\"lazy\" decoding=\"async\" width=\"1024\" height=\"1024\" src=\"http:\/\/hqc-law.test\/wp-content\/uploads\/2024\/03\/11.jpg\" alt=\"\" class=\"wp-image-251 size-full\" srcset=\"https:\/\/www.hqclaw.com\/wp-content\/uploads\/2024\/03\/11.jpg 1024w, https:\/\/www.hqclaw.com\/wp-content\/uploads\/2024\/03\/11-300x300.jpg 300w, https:\/\/www.hqclaw.com\/wp-content\/uploads\/2024\/03\/11-150x150.jpg 150w, https:\/\/www.hqclaw.com\/wp-content\/uploads\/2024\/03\/11-768x768.jpg 768w\" sizes=\"auto, (max-width: 1024px) 100vw, 1024px\" \/><\/figure><div class=\"wp-block-media-text__content\">\n<h4 class=\"wp-block-heading\">K &amp; K GLOBAL TRADING COMPANY LIMITED<\/h4>\n\n\n\n<p>HQC provides legal services on investment,\nbusiness activity implementation in Vietnam\nfor the chains of K-Market and K-Food; and\nother legal issues arising in business in Vietnam.<\/p>\n<\/div><\/div>\n\n\n\n<hr class=\"wp-block-separator has-text-color has-white-color has-alpha-channel-opacity has-white-background-color has-background\"\/>\n\n\n\n<div class=\"wp-block-media-text is-stacked-on-mobile\" style=\"grid-template-columns:23% auto\"><figure class=\"wp-block-media-text__media\"><img loading=\"lazy\" decoding=\"async\" width=\"1024\" height=\"1024\" src=\"http:\/\/hqc-law.test\/wp-content\/uploads\/2024\/03\/12.jpg\" alt=\"\" class=\"wp-image-253 size-full\" srcset=\"https:\/\/www.hqclaw.com\/wp-content\/uploads\/2024\/03\/12.jpg 1024w, https:\/\/www.hqclaw.com\/wp-content\/uploads\/2024\/03\/12-300x300.jpg 300w, https:\/\/www.hqclaw.com\/wp-content\/uploads\/2024\/03\/12-150x150.jpg 150w, https:\/\/www.hqclaw.com\/wp-content\/uploads\/2024\/03\/12-768x768.jpg 768w\" sizes=\"auto, (max-width: 1024px) 100vw, 1024px\" \/><\/figure><div class=\"wp-block-media-text__content\">\n<h4 class=\"wp-block-heading\">LILAMA ELECTRIC MECHANIC AND ENVIRONMENTAL COPORATION<\/h4>\n\n\n\n<p>M&amp;A, offering shares of shareholders to KC\nENVIRO SERVICES. Consulting on legal assessment, business value, transfer plans in accordance with laws of Vietnam<\/p>\n<\/div><\/div>\n\n\n\n<hr class=\"wp-block-separator has-text-color has-white-color has-alpha-channel-opacity has-white-background-color has-background\"\/>\n\n\n\n<div class=\"wp-block-media-text is-stacked-on-mobile\" style=\"grid-template-columns:23% auto\"><figure class=\"wp-block-media-text__media\"><img loading=\"lazy\" decoding=\"async\" width=\"1024\" height=\"1024\" src=\"http:\/\/hqc-law.test\/wp-content\/uploads\/2024\/03\/13.jpg\" alt=\"\" class=\"wp-image-254 size-full\" srcset=\"https:\/\/www.hqclaw.com\/wp-content\/uploads\/2024\/03\/13.jpg 1024w, https:\/\/www.hqclaw.com\/wp-content\/uploads\/2024\/03\/13-300x300.jpg 300w, https:\/\/www.hqclaw.com\/wp-content\/uploads\/2024\/03\/13-150x150.jpg 150w, https:\/\/www.hqclaw.com\/wp-content\/uploads\/2024\/03\/13-768x768.jpg 768w\" sizes=\"auto, (max-width: 1024px) 100vw, 1024px\" \/><\/figure><div class=\"wp-block-media-text__content\">\n<h4 class=\"wp-block-heading\">INEXPRESS GLOBAL<\/h4>\n\n\n\n<p>HQC provides legal services on investment\nconsulting in Vietnam, activities of capital contribution, business, commercial franchise on the territory of Vietnam\u2026<\/p>\n<\/div><\/div>\n\n\n\n<hr class=\"wp-block-separator has-text-color has-white-color has-alpha-channel-opacity has-white-background-color has-background\"\/>\n\n\n\n<div class=\"wp-block-media-text is-stacked-on-mobile\" style=\"grid-template-columns:23% auto\"><figure class=\"wp-block-media-text__media\"><img loading=\"lazy\" decoding=\"async\" width=\"1024\" height=\"1024\" src=\"http:\/\/hqc-law.test\/wp-content\/uploads\/2024\/03\/14.jpg\" alt=\"\" class=\"wp-image-256 size-full\" srcset=\"https:\/\/www.hqclaw.com\/wp-content\/uploads\/2024\/03\/14.jpg 1024w, https:\/\/www.hqclaw.com\/wp-content\/uploads\/2024\/03\/14-300x300.jpg 300w, https:\/\/www.hqclaw.com\/wp-content\/uploads\/2024\/03\/14-150x150.jpg 150w, https:\/\/www.hqclaw.com\/wp-content\/uploads\/2024\/03\/14-768x768.jpg 768w\" sizes=\"auto, (max-width: 1024px) 100vw, 1024px\" \/><\/figure><div class=\"wp-block-media-text__content\">\n<h4 class=\"wp-block-heading\">NICHIRIN VIETNAM COMPANY LIMITED<\/h4>\n\n\n\n<p>HQC provides legal services consulting on investment in Vietnam for a member of\nJapanese Group specializing in\nmanufacturing accessories of automobiles\nand motorbikes\u2026<\/p>\n<\/div><\/div>\n\n\n\n<hr class=\"wp-block-separator has-text-color has-white-color has-alpha-channel-opacity has-white-background-color has-background\"\/>\n\n\n\n<div class=\"wp-block-media-text is-stacked-on-mobile\" style=\"grid-template-columns:23% auto\"><figure class=\"wp-block-media-text__media\"><img loading=\"lazy\" decoding=\"async\" width=\"1024\" height=\"1024\" src=\"http:\/\/hqc-law.test\/wp-content\/uploads\/2024\/03\/15.jpg\" alt=\"\" class=\"wp-image-259 size-full\" srcset=\"https:\/\/www.hqclaw.com\/wp-content\/uploads\/2024\/03\/15.jpg 1024w, https:\/\/www.hqclaw.com\/wp-content\/uploads\/2024\/03\/15-300x300.jpg 300w, https:\/\/www.hqclaw.com\/wp-content\/uploads\/2024\/03\/15-150x150.jpg 150w, https:\/\/www.hqclaw.com\/wp-content\/uploads\/2024\/03\/15-768x768.jpg 768w\" sizes=\"auto, (max-width: 1024px) 100vw, 1024px\" \/><\/figure><div class=\"wp-block-media-text__content\">\n<h4 class=\"wp-block-heading\">LENS VIETNAM TECHNOLOGY COMPANY LIMITED<\/h4>\n\n\n\n<p>HQC provided legal services consulting on\ninvestment in Vietnam for a member of LENS high-tech science Group specializing in manufacturing components, phone screens, optical glasses\u2026<\/p>\n<\/div><\/div>\n\n\n\n<hr class=\"wp-block-separator has-text-color has-white-color has-alpha-channel-opacity has-white-background-color has-background\"\/>\n\n\n\n<div class=\"wp-block-media-text is-stacked-on-mobile\" style=\"grid-template-columns:23% auto\"><figure class=\"wp-block-media-text__media\"><img loading=\"lazy\" decoding=\"async\" width=\"1024\" height=\"1024\" src=\"http:\/\/hqc-law.test\/wp-content\/uploads\/2024\/03\/16.jpg\" alt=\"\" class=\"wp-image-260 size-full\" srcset=\"https:\/\/www.hqclaw.com\/wp-content\/uploads\/2024\/03\/16.jpg 1024w, https:\/\/www.hqclaw.com\/wp-content\/uploads\/2024\/03\/16-300x300.jpg 300w, https:\/\/www.hqclaw.com\/wp-content\/uploads\/2024\/03\/16-150x150.jpg 150w, https:\/\/www.hqclaw.com\/wp-content\/uploads\/2024\/03\/16-768x768.jpg 768w\" sizes=\"auto, (max-width: 1024px) 100vw, 1024px\" \/><\/figure><div class=\"wp-block-media-text__content\">\n<h4 class=\"wp-block-heading\">VIETNAM SUNERGY JOINT STOCK COMPANY<\/h4>\n\n\n\n<p>HQC provided legal services consulting on\ninvestment in Vietnam, consulting on\nenterprises for VSUN \u2013 One of the world\u2019s leading units from Japan in the field of supplying modules and solar panels in the world<\/p>\n<\/div><\/div>\n\n\n\n<hr class=\"wp-block-separator has-text-color has-white-color has-alpha-channel-opacity has-white-background-color has-background\"\/>\n\n\n\n<hr class=\"wp-block-separator has-text-color has-white-color has-alpha-channel-opacity has-white-background-color has-background\"\/>","protected":false},"excerpt":{"rendered":"<p>HQC Law Firm \u0111\u00e3 v\u00e0 \u0111ang cung c\u1ea5p d\u1ecbch v\u1ee5 ph\u00e1p l\u00fd cho m\u1ed9t s\u1ed1 kh\u00e1ch h\u00e0ng c\u1ee7a Vi\u1ec7t Nam v\u00e0 c\u00e1c doanh nghi\u1ec7p FDI t\u1ea1i Vi\u1ec7t Nam: SK ECOPLANT CO., LTD HQC \u0111\u01b0\u1ee3c l\u1ef1a ch\u1ecdn l\u00e0 nh\u00e0 cung c\u1ea5p d\u1ecbch v\u1ee5 ph\u00e1p l\u00fd cho SKEC \u2013 Th\u00e0nh vi\u00ean c\u1ee7a [&hellip;]<\/p>","protected":false},"author":1,"featured_media":0,"parent":0,"menu_order":0,"comment_status":"closed","ping_status":"closed","template":"","meta":{"footnotes":""},"class_list":["post-125","page","type-page","status-publish","hentry"],"_links":{"self":[{"href":"https:\/\/www.hqclaw.com\/en\/wp-json\/wp\/v2\/pages\/125","targetHints":{"allow":["GET"]}}],"collection":[{"href":"https:\/\/www.hqclaw.com\/en\/wp-json\/wp\/v2\/pages"}],"about":[{"href":"https:\/\/www.hqclaw.com\/en\/wp-json\/wp\/v2\/types\/page"}],"author":[{"embeddable":true,"href":"https:\/\/www.hqclaw.com\/en\/wp-json\/wp\/v2\/users\/1"}],"replies":[{"embeddable":true,"href":"https:\/\/www.hqclaw.com\/en\/wp-json\/wp\/v2\/comments?post=125"}],"version-history":[{"count":26,"href":"https:\/\/www.hqclaw.com\/en\/wp-json\/wp\/v2\/pages\/125\/revisions"}],"predecessor-version":[{"id":391,"href":"https:\/\/www.hqclaw.com\/en\/wp-json\/wp\/v2\/pages\/125\/revisions\/391"}],"wp:attachment":[{"href":"https:\/\/www.hqclaw.com\/en\/wp-json\/wp\/v2\/media?parent=125"}],"curies":[{"name":"wp","href":"https:\/\/api.w.org\/{rel}","templated":true}]}}