{"id":119,"date":"2024-03-14T12:35:34","date_gmt":"2024-03-14T12:35:34","guid":{"rendered":"http:\/\/hqc-law.test\/?page_id=119"},"modified":"2025-02-18T14:04:24","modified_gmt":"2025-02-18T14:04:24","slug":"doi-ngu-luat-su","status":"publish","type":"page","link":"https:\/\/www.hqclaw.com\/en\/doi-ngu-luat-su\/","title":{"rendered":"HQC TEAM"},"content":{"rendered":"<div class=\"wp-block-group is-nowrap is-layout-flex wp-container-core-group-is-layout-6c531013 wp-block-group-is-layout-flex\">\n<div class=\"wp-block-media-text is-stacked-on-mobile\" style=\"grid-template-columns:25% auto\"><figure class=\"wp-block-media-text__media\"><img loading=\"lazy\" decoding=\"async\" width=\"592\" height=\"592\" src=\"http:\/\/hqc-law.test\/wp-content\/uploads\/2024\/03\/LS-HOAN-2.jpg\" alt=\"\" class=\"wp-image-89 size-full\" srcset=\"https:\/\/www.hqclaw.com\/wp-content\/uploads\/2024\/03\/LS-HOAN-2.jpg 592w, https:\/\/www.hqclaw.com\/wp-content\/uploads\/2024\/03\/LS-HOAN-2-300x300.jpg 300w, https:\/\/www.hqclaw.com\/wp-content\/uploads\/2024\/03\/LS-HOAN-2-150x150.jpg 150w\" sizes=\"auto, (max-width: 592px) 100vw, 592px\" \/><\/figure><div class=\"wp-block-media-text__content\">\n<h3 class=\"wp-block-heading\" style=\"font-size:25px\">Lawyer Vu Kim Hoan<\/h3>\n\n\n\n<h4 class=\"wp-block-heading\" style=\"font-size:17px\"><strong>General manager for legal consulting and \nservice activities of HQC Law Firm<\/strong><\/h4>\n\n\n\n<hr class=\"wp-block-separator has-text-color has-black-color has-alpha-channel-opacity has-black-background-color has-background is-style-wide\"\/>\n\n\n\n<p style=\"font-size:17px\">Lawyer Vu Kim Hoan has more than 10 years of \nexperience in the field of legal advice, especially in areas such as foreign direct investment in Vietnam (FDI), consulting on setting up investment projects associated\nwith the needs of land use requirements, project transfer\nactivities in accordance with the provisions of Vietnamese\nlaw, the law on labor in enterprises, etc.<\/p>\n<\/div><\/div>\n<\/div>\n\n\n\n<hr class=\"wp-block-separator has-text-color has-white-color has-alpha-channel-opacity has-white-background-color has-background\"\/>\n\n\n\n<div class=\"wp-block-media-text is-stacked-on-mobile\" style=\"grid-template-columns:25% auto\"><figure class=\"wp-block-media-text__media\"><img loading=\"lazy\" decoding=\"async\" width=\"388\" height=\"388\" src=\"http:\/\/hqc-law.test\/wp-content\/uploads\/2024\/03\/LS-LUU-PHUC-1-1.jpg\" alt=\"\" class=\"wp-image-36 size-full\" srcset=\"https:\/\/www.hqclaw.com\/wp-content\/uploads\/2024\/03\/LS-LUU-PHUC-1-1.jpg 388w, https:\/\/www.hqclaw.com\/wp-content\/uploads\/2024\/03\/LS-LUU-PHUC-1-1-300x300.jpg 300w, https:\/\/www.hqclaw.com\/wp-content\/uploads\/2024\/03\/LS-LUU-PHUC-1-1-150x150.jpg 150w\" sizes=\"auto, (max-width: 388px) 100vw, 388px\" \/><\/figure><div class=\"wp-block-media-text__content\">\n<h3 class=\"wp-block-heading\" style=\"font-size:25px\">Lawyer Mai Luu Phuc<\/h3>\n\n\n\n<p>Head of Branch of HQC Law firm in Ho Chi Minh \nCity.<\/p>\n\n\n\n<hr class=\"wp-block-separator has-text-color has-black-color has-alpha-channel-opacity has-black-background-color has-background is-style-wide\"\/>\n\n\n\n<p>Lawyer Mai Luu Phuc has more than 10 years of\nexperience in the field of legal advice on investment\nand business, enterprise; To settle disputes in the \nfields of commercial business, land, civil, criminal<\/p>\n<\/div><\/div>\n\n\n\n<hr class=\"wp-block-separator has-text-color has-white-color has-alpha-channel-opacity has-white-background-color has-background\"\/>\n\n\n\n<div class=\"wp-block-group is-nowrap is-layout-flex wp-container-core-group-is-layout-6c531013 wp-block-group-is-layout-flex\">\n<div class=\"wp-block-media-text is-stacked-on-mobile\" style=\"grid-template-columns:25% auto\"><figure class=\"wp-block-media-text__media\"><img loading=\"lazy\" decoding=\"async\" width=\"854\" height=\"854\" src=\"http:\/\/hqc-law.test\/wp-content\/uploads\/2024\/03\/LS-BINH.jpg\" alt=\"\" class=\"wp-image-737 size-full\" srcset=\"https:\/\/www.hqclaw.com\/wp-content\/uploads\/2024\/03\/LS-BINH.jpg 854w, https:\/\/www.hqclaw.com\/wp-content\/uploads\/2024\/03\/LS-BINH-300x300.jpg 300w, https:\/\/www.hqclaw.com\/wp-content\/uploads\/2024\/03\/LS-BINH-150x150.jpg 150w, https:\/\/www.hqclaw.com\/wp-content\/uploads\/2024\/03\/LS-BINH-768x768.jpg 768w, https:\/\/www.hqclaw.com\/wp-content\/uploads\/2024\/03\/LS-BINH-12x12.jpg 12w\" sizes=\"auto, (max-width: 854px) 100vw, 854px\" \/><\/figure><div class=\"wp-block-media-text__content\">\n<h3 class=\"wp-block-heading\" style=\"font-size:25px\">Lawyer Trinh Hoang Binh<\/h3>\n\n\n\n<p>Lawyer in charge of consulting and settling disputes at HQC Law firm<\/p>\n\n\n\n<hr class=\"wp-block-separator has-text-color has-black-color has-alpha-channel-opacity has-black-background-color has-background is-style-wide\"\/>\n\n\n\n<p>Lawyer Trinh Hoang Binh has a lot of experience in \nparticipating in protecting rights in civil, land,\ncommercial and administrative disputes, and especially in the process of requesting consideration to conduct\ncassation procedures for cases which the judgments have\ntaken legal effect.<\/p>\n<\/div><\/div>\n<\/div>\n\n\n\n<hr class=\"wp-block-separator has-text-color has-white-color has-alpha-channel-opacity has-white-background-color has-background\"\/>\n\n\n\n<hr class=\"wp-block-separator has-text-color has-white-color has-alpha-channel-opacity has-white-background-color has-background\"\/>\n\n\n\n<div class=\"wp-block-group is-nowrap is-layout-flex wp-container-core-group-is-layout-6c531013 wp-block-group-is-layout-flex\">\n<div class=\"wp-block-media-text is-stacked-on-mobile\" style=\"grid-template-columns:25% auto\"><figure class=\"wp-block-media-text__media\"><img loading=\"lazy\" decoding=\"async\" width=\"1024\" height=\"1024\" src=\"http:\/\/hqc-law.test\/wp-content\/uploads\/2024\/03\/KS-HO-HUU-THONG-1-1024x1024.jpg\" alt=\"\" class=\"wp-image-29 size-full\" srcset=\"https:\/\/www.hqclaw.com\/wp-content\/uploads\/2024\/03\/KS-HO-HUU-THONG-1-1024x1024.jpg 1024w, https:\/\/www.hqclaw.com\/wp-content\/uploads\/2024\/03\/KS-HO-HUU-THONG-1-300x300.jpg 300w, https:\/\/www.hqclaw.com\/wp-content\/uploads\/2024\/03\/KS-HO-HUU-THONG-1-150x150.jpg 150w, https:\/\/www.hqclaw.com\/wp-content\/uploads\/2024\/03\/KS-HO-HUU-THONG-1-768x768.jpg 768w, https:\/\/www.hqclaw.com\/wp-content\/uploads\/2024\/03\/KS-HO-HUU-THONG-1-1536x1536.jpg 1536w, https:\/\/www.hqclaw.com\/wp-content\/uploads\/2024\/03\/KS-HO-HUU-THONG-1-2048x2048.jpg 2048w\" sizes=\"auto, (max-width: 1024px) 100vw, 1024px\" \/><\/figure><div class=\"wp-block-media-text__content\">\n<h3 class=\"wp-block-heading\" style=\"font-size:25px\">Lawyer Ho Huu Thong<\/h3>\n\n\n\n<p>Lawyer in charge of foreign investment consulting activities for Japanese clients in Ho Chi \nMinh City<\/p>\n\n\n\n<hr class=\"wp-block-separator has-text-color has-black-color has-alpha-channel-opacity has-black-background-color has-background is-style-wide\"\/>\n\n\n\n<p>Lawyer Ho Huu Thong is a lawyer fluent in\nJapanese, has over 20 years of experience in the\nfield of legal advice, especially in areas such as\nlegal advice on foreign direct investment in\nVietnam, investment from Vietnam to abroad,\nconsulting on labor law, corporate governance...<\/p>\n<\/div><\/div>\n<\/div>\n\n\n\n<hr class=\"wp-block-separator has-text-color has-white-color has-alpha-channel-opacity has-white-background-color has-background\"\/>\n\n\n\n<div class=\"wp-block-media-text is-stacked-on-mobile\" style=\"grid-template-columns:25% auto\"><figure class=\"wp-block-media-text__media\"><img loading=\"lazy\" decoding=\"async\" width=\"592\" height=\"592\" src=\"http:\/\/hqc-law.test\/wp-content\/uploads\/2024\/03\/LS-TUAN-1.jpg\" alt=\"\" class=\"wp-image-37 size-full\" srcset=\"https:\/\/www.hqclaw.com\/wp-content\/uploads\/2024\/03\/LS-TUAN-1.jpg 592w, https:\/\/www.hqclaw.com\/wp-content\/uploads\/2024\/03\/LS-TUAN-1-300x300.jpg 300w, https:\/\/www.hqclaw.com\/wp-content\/uploads\/2024\/03\/LS-TUAN-1-150x150.jpg 150w\" sizes=\"auto, (max-width: 592px) 100vw, 592px\" \/><\/figure><div class=\"wp-block-media-text__content\">\n<h3 class=\"wp-block-heading\" style=\"font-size:25px\">Lawyer Nguyen Anh Tuan<\/h3>\n\n\n\n<p>Lawyer in charge of consulting and litigation \nactivities of HQC Law firm in Da Nang Province \nand many provinces in the South Central.<\/p>\n\n\n\n<hr class=\"wp-block-separator has-text-color has-black-color has-alpha-channel-opacity has-black-background-color has-background is-style-wide\"\/>\n\n\n\n<p>Lawyer Nguyen Anh Tuan has a lot of experience in\nconsulting and resolving civil, commercial, labor,\nland, administrative disputes and participating in\ndefense in criminal cases.<\/p>\n<\/div><\/div>\n\n\n\n<div class=\"wp-block-media-text is-stacked-on-mobile\" style=\"grid-template-columns:25% auto\"><figure class=\"wp-block-media-text__media\"><img loading=\"lazy\" decoding=\"async\" width=\"945\" height=\"946\" src=\"https:\/\/hqclaw.com\/wp-content\/uploads\/2025\/02\/z6308616149694_5dca7f8db5e368aa953a2762ab42f6e9-2.jpg\" alt=\"\" class=\"wp-image-865 size-full\" srcset=\"https:\/\/www.hqclaw.com\/wp-content\/uploads\/2025\/02\/z6308616149694_5dca7f8db5e368aa953a2762ab42f6e9-2.jpg 945w, https:\/\/www.hqclaw.com\/wp-content\/uploads\/2025\/02\/z6308616149694_5dca7f8db5e368aa953a2762ab42f6e9-2-300x300.jpg 300w, https:\/\/www.hqclaw.com\/wp-content\/uploads\/2025\/02\/z6308616149694_5dca7f8db5e368aa953a2762ab42f6e9-2-150x150.jpg 150w, https:\/\/www.hqclaw.com\/wp-content\/uploads\/2025\/02\/z6308616149694_5dca7f8db5e368aa953a2762ab42f6e9-2-768x769.jpg 768w, https:\/\/www.hqclaw.com\/wp-content\/uploads\/2025\/02\/z6308616149694_5dca7f8db5e368aa953a2762ab42f6e9-2-12x12.jpg 12w\" sizes=\"auto, (max-width: 945px) 100vw, 945px\" \/><\/figure><div class=\"wp-block-media-text__content\">\n<h3 class=\"wp-block-heading\" style=\"font-size:25px\">Lawyer Pham Minh Hoang<\/h3>\n\n\n\n<p>Head of Branch of HQC Law firm in Hai Phong City.<\/p>\n\n\n\n<hr class=\"wp-block-separator has-text-color has-black-color has-alpha-channel-opacity has-black-background-color has-background is-style-wide\"\/>\n\n\n\n<p>Lawyer Pham Minh Hoang has over 10 years of experience in legal consulting on investment and corporate matters; dispute resolution in commercial business, land, civil, and criminal cases, especially in international maritime disputes.<\/p>\n<\/div><\/div>\n\n\n\n<hr class=\"wp-block-separator has-text-color has-white-color has-alpha-channel-opacity has-white-background-color has-background\"\/>\n\n\n\n<div class=\"wp-block-media-text is-stacked-on-mobile\" style=\"grid-template-columns:25% auto\"><figure class=\"wp-block-media-text__media\"><img loading=\"lazy\" decoding=\"async\" width=\"747\" height=\"747\" src=\"https:\/\/www.hqclaw.com\/wp-content\/uploads\/2025\/02\/IMG_439094x60-1.jpg\" alt=\"\" class=\"wp-image-909 size-full\" srcset=\"https:\/\/www.hqclaw.com\/wp-content\/uploads\/2025\/02\/IMG_439094x60-1.jpg 747w, https:\/\/www.hqclaw.com\/wp-content\/uploads\/2025\/02\/IMG_439094x60-1-300x300.jpg 300w, https:\/\/www.hqclaw.com\/wp-content\/uploads\/2025\/02\/IMG_439094x60-1-150x150.jpg 150w, https:\/\/www.hqclaw.com\/wp-content\/uploads\/2025\/02\/IMG_439094x60-1-12x12.jpg 12w\" sizes=\"auto, (max-width: 747px) 100vw, 747px\" \/><\/figure><div class=\"wp-block-media-text__content\">\n<h3 class=\"wp-block-heading\" style=\"font-size:25px\">Lawyer Bui Nhu Hang<\/h3>\n\n\n\n<p>Lawyer in charge of investment consulting and dispute resolution at HQC Law Firm in Ho Chi Minh City and southern provinces of Vietnam.<\/p>\n<\/div><\/div>\n\n\n\n<hr class=\"wp-block-separator has-text-color has-white-color has-alpha-channel-opacity has-white-background-color has-background\"\/>\n\n\n\n<div class=\"wp-block-media-text is-stacked-on-mobile\" style=\"grid-template-columns:25% auto\"><figure class=\"wp-block-media-text__media\"><img loading=\"lazy\" decoding=\"async\" width=\"508\" height=\"508\" src=\"https:\/\/hqclaw.com\/wp-content\/uploads\/2025\/02\/hoang-_1380.jpg\" alt=\"\" class=\"wp-image-867 size-full\" srcset=\"https:\/\/www.hqclaw.com\/wp-content\/uploads\/2025\/02\/hoang-_1380.jpg 508w, https:\/\/www.hqclaw.com\/wp-content\/uploads\/2025\/02\/hoang-_1380-300x300.jpg 300w, https:\/\/www.hqclaw.com\/wp-content\/uploads\/2025\/02\/hoang-_1380-150x150.jpg 150w, https:\/\/www.hqclaw.com\/wp-content\/uploads\/2025\/02\/hoang-_1380-12x12.jpg 12w\" sizes=\"auto, (max-width: 508px) 100vw, 508px\" \/><\/figure><div class=\"wp-block-media-text__content\">\n<h3 class=\"wp-block-heading\" style=\"font-size:25px\">Lawyer Pham Ba Ngoc Hoang<\/h3>\n\n\n\n<p>Lawyer in charge of consulting and litigation at HQC Law Firm in Hanoi and northern provinces of Vietnam.<\/p>\n<\/div><\/div>\n\n\n\n<hr class=\"wp-block-separator has-text-color has-white-color has-alpha-channel-opacity has-white-background-color has-background\"\/>\n\n\n\n<p><\/p>","protected":false},"excerpt":{"rendered":"<p>Lu\u1eadt s\u01b0 V\u0169 Kim Ho\u00e0n Lu\u1eadt s\u01b0 \u0111i\u1ec1u h\u00e0nh chung c\u00e1c ho\u1ea1t \u0111\u1ed9ng t\u01b0 v\u1ea5n v\u00e0 cung c\u1ea5p d\u1ecbch v\u1ee5 ph\u00e1p l\u00fd c\u1ee7a HQC Law Firm Lu\u1eadt s\u01b0 V\u0169 Kim Ho\u00e0n \u0111\u00e3 c\u00f3 tr\u00ean 10 n\u0103m kinh nghi\u1ec7m trong l\u0129nh v\u1ef1c t\u01b0 v\u1ea5n ph\u00e1p lu\u1eadt, \u0111\u1eb7c bi\u1ec7t l\u00e0 c\u00e1c l\u0129nh [&hellip;]<\/p>","protected":false},"author":1,"featured_media":0,"parent":0,"menu_order":2,"comment_status":"closed","ping_status":"closed","template":"","meta":{"footnotes":""},"class_list":["post-119","page","type-page","status-publish","hentry"],"_links":{"self":[{"href":"https:\/\/www.hqclaw.com\/en\/wp-json\/wp\/v2\/pages\/119","targetHints":{"allow":["GET"]}}],"collection":[{"href":"https:\/\/www.hqclaw.com\/en\/wp-json\/wp\/v2\/pages"}],"about":[{"href":"https:\/\/www.hqclaw.com\/en\/wp-json\/wp\/v2\/types\/page"}],"author":[{"embeddable":true,"href":"https:\/\/www.hqclaw.com\/en\/wp-json\/wp\/v2\/users\/1"}],"replies":[{"embeddable":true,"href":"https:\/\/www.hqclaw.com\/en\/wp-json\/wp\/v2\/comments?post=119"}],"version-history":[{"count":55,"href":"https:\/\/www.hqclaw.com\/en\/wp-json\/wp\/v2\/pages\/119\/revisions"}],"predecessor-version":[{"id":910,"href":"https:\/\/www.hqclaw.com\/en\/wp-json\/wp\/v2\/pages\/119\/revisions\/910"}],"wp:attachment":[{"href":"https:\/\/www.hqclaw.com\/en\/wp-json\/wp\/v2\/media?parent=119"}],"curies":[{"name":"wp","href":"https:\/\/api.w.org\/{rel}","templated":true}]}}